{"id":1761,"date":"2020-02-07T18:32:58","date_gmt":"2020-02-07T17:32:58","guid":{"rendered":"https:\/\/ninetheme.com\/themes\/naturally\/?post_type=product&#038;p=1761"},"modified":"2023-11-07T16:21:14","modified_gmt":"2023-11-07T15:21:14","slug":"vinaigre-de-dattes","status":"publish","type":"product","link":"https:\/\/karamalwaha.ma\/index.php\/product\/vinaigre-de-dattes\/","title":{"rendered":"Vinaigre de dattes"},"content":{"rendered":"<p>Que vous soyez un chef exp\u00e9riment\u00e9 ou un passionn\u00e9 de cuisine \u00e0 la recherche de nouvelles saveurs, notre vinaigre de dattes artisanal est un atout essentiel dans votre cuisine. Ajoutez une dimension riche et complexe \u00e0 vos plats en utilisant ce vinaigre de qualit\u00e9 sup\u00e9rieure, con\u00e7u pour ravir vos papilles.<\/p>\n<p>Offrez \u00e0 vos papilles une exp\u00e9rience gustative unique en commandant d\u00e8s aujourd&#8217;hui notre vinaigre de dattes artisanal et d\u00e9couvrez comment il peut transformer vos cr\u00e9ations culinaires en v\u00e9ritables chefs-d&#8217;\u0153uvre.<\/p>\n","protected":false},"excerpt":{"rendered":"<p>D\u00e9couvrez le mariage parfait entre la douceur naturelle des dattes et la vivacit\u00e9 du vinaigre dans notre vinaigre de dattes artisanal. Ce vinaigre exquis est fabriqu\u00e9 avec soin \u00e0 partir de dattes de premi\u00e8re qualit\u00e9, offrant une saveur riche et complexe qui \u00e9veillera vos papilles.<\/p>\n","protected":false},"featured_media":4014,"comment_status":"open","ping_status":"closed","template":"","meta":[],"product_cat":[82],"product_tag":[],"acf":[],"_links":{"self":[{"href":"https:\/\/karamalwaha.ma\/index.php\/wp-json\/wp\/v2\/product\/1761"}],"collection":[{"href":"https:\/\/karamalwaha.ma\/index.php\/wp-json\/wp\/v2\/product"}],"about":[{"href":"https:\/\/karamalwaha.ma\/index.php\/wp-json\/wp\/v2\/types\/product"}],"replies":[{"embeddable":true,"href":"https:\/\/karamalwaha.ma\/index.php\/wp-json\/wp\/v2\/comments?post=1761"}],"wp:featuredmedia":[{"embeddable":true,"href":"https:\/\/karamalwaha.ma\/index.php\/wp-json\/wp\/v2\/media\/4014"}],"wp:attachment":[{"href":"https:\/\/karamalwaha.ma\/index.php\/wp-json\/wp\/v2\/media?parent=1761"}],"wp:term":[{"taxonomy":"product_cat","embeddable":true,"href":"https:\/\/karamalwaha.ma\/index.php\/wp-json\/wp\/v2\/product_cat?post=1761"},{"taxonomy":"product_tag","embeddable":true,"href":"https:\/\/karamalwaha.ma\/index.php\/wp-json\/wp\/v2\/product_tag?post=1761"}],"curies":[{"name":"wp","href":"https:\/\/api.w.org\/{rel}","templated":true}]}}