{"id":1762,"date":"2020-02-07T18:37:19","date_gmt":"2020-02-07T17:37:19","guid":{"rendered":"https:\/\/ninetheme.com\/themes\/naturally\/?post_type=product&#038;p=1762"},"modified":"2023-11-14T13:01:59","modified_gmt":"2023-11-14T12:01:59","slug":"miel-de-dattes","status":"publish","type":"product","link":"https:\/\/karamalwaha.ma\/index.php\/product\/miel-de-dattes\/","title":{"rendered":"Miel de dattes"},"content":{"rendered":"<p>un incontournable pour les amateurs de saveurs authentiques. Que vous souhaitiez l&#8217;ajouter \u00e0 vos recettes pr\u00e9f\u00e9r\u00e9es ou simplement l&#8217;\u00e9taler sur une tranche de pain frais, ce miel naturellement sucr\u00e9 est un d\u00e9lice que vous appr\u00e9cierez \u00e0 chaque bouch\u00e9e. Ajoutez une touche de raffinement \u00e0 votre cuisine en optant pour notre miel de dates de qualit\u00e9 premium.<\/p>\n<p>Explorez les possibilit\u00e9s infinies de ce tr\u00e9sor sucr\u00e9 en commandant votre miel de dates naturel d\u00e8s aujourd&#8217;hui et d\u00e9couvrez une nouvelle dimension de saveurs sucr\u00e9es et saines.<\/p>\n","protected":false},"excerpt":{"rendered":"<p>Une d\u00e9licieuse gourmandise sucr\u00e9e et saine qui offre une explosion de saveurs riches et exotiques. Ce miel exceptionnel est produit \u00e0 partir du nectar sucr\u00e9 des palmiers-dattiers, cr\u00e9ant ainsi une douceur naturelle aux ar\u00f4mes subtils et complexes<\/p>\n","protected":false},"featured_media":4003,"comment_status":"open","ping_status":"closed","template":"","meta":[],"product_cat":[82],"product_tag":[],"acf":[],"_links":{"self":[{"href":"https:\/\/karamalwaha.ma\/index.php\/wp-json\/wp\/v2\/product\/1762"}],"collection":[{"href":"https:\/\/karamalwaha.ma\/index.php\/wp-json\/wp\/v2\/product"}],"about":[{"href":"https:\/\/karamalwaha.ma\/index.php\/wp-json\/wp\/v2\/types\/product"}],"replies":[{"embeddable":true,"href":"https:\/\/karamalwaha.ma\/index.php\/wp-json\/wp\/v2\/comments?post=1762"}],"wp:featuredmedia":[{"embeddable":true,"href":"https:\/\/karamalwaha.ma\/index.php\/wp-json\/wp\/v2\/media\/4003"}],"wp:attachment":[{"href":"https:\/\/karamalwaha.ma\/index.php\/wp-json\/wp\/v2\/media?parent=1762"}],"wp:term":[{"taxonomy":"product_cat","embeddable":true,"href":"https:\/\/karamalwaha.ma\/index.php\/wp-json\/wp\/v2\/product_cat?post=1762"},{"taxonomy":"product_tag","embeddable":true,"href":"https:\/\/karamalwaha.ma\/index.php\/wp-json\/wp\/v2\/product_tag?post=1762"}],"curies":[{"name":"wp","href":"https:\/\/api.w.org\/{rel}","templated":true}]}}