{"id":4020,"date":"2023-11-07T16:23:44","date_gmt":"2023-11-07T15:23:44","guid":{"rendered":"https:\/\/karamalwaha.ma\/?post_type=product&#038;p=4020"},"modified":"2023-11-14T12:23:33","modified_gmt":"2023-11-14T11:23:33","slug":"pattes-de-dattes","status":"publish","type":"product","link":"https:\/\/karamalwaha.ma\/index.php\/product\/pattes-de-dattes\/","title":{"rendered":"P\u00e2tes de dattes"},"content":{"rendered":"<p>Nos p\u00e2tes de dattes sont le choix parfait pour les amateurs de douceur naturelle. Qu&#8217;elles soient utilis\u00e9es dans vos desserts pr\u00e9f\u00e9r\u00e9s ou d\u00e9gust\u00e9es telles quelles, elles apportent une touche sucr\u00e9e et saine \u00e0 votre quotidien. Offrez-vous une exp\u00e9rience gustative inoubliable avec nos p\u00e2tes de dattes de qualit\u00e9 sup\u00e9rieure.<\/p>\n<p>D\u00e9couvrez la simplicit\u00e9 de l&#8217;authenticit\u00e9 et de la saveur naturelle en commandant d\u00e8s aujourd&#8217;hui nos p\u00e2tes de dattes gourmandes, et faites de ces petites g\u00e2teries un incontournable de votre alimentation.<\/p>\n","protected":false},"excerpt":{"rendered":"<p>Plongez dans un monde de saveurs naturelles et sucr\u00e9es avec nos d\u00e9licieuses p\u00e2tes de dattes. Fabriqu\u00e9es \u00e0 partir de dattes juteuses et m\u00fbres, nos p\u00e2tes de dattes sont une v\u00e9ritable explosion de douceur et de sant\u00e9.<\/p>\n","protected":false},"featured_media":4021,"comment_status":"open","ping_status":"closed","template":"","meta":[],"product_cat":[82],"product_tag":[],"acf":[],"_links":{"self":[{"href":"https:\/\/karamalwaha.ma\/index.php\/wp-json\/wp\/v2\/product\/4020"}],"collection":[{"href":"https:\/\/karamalwaha.ma\/index.php\/wp-json\/wp\/v2\/product"}],"about":[{"href":"https:\/\/karamalwaha.ma\/index.php\/wp-json\/wp\/v2\/types\/product"}],"replies":[{"embeddable":true,"href":"https:\/\/karamalwaha.ma\/index.php\/wp-json\/wp\/v2\/comments?post=4020"}],"wp:featuredmedia":[{"embeddable":true,"href":"https:\/\/karamalwaha.ma\/index.php\/wp-json\/wp\/v2\/media\/4021"}],"wp:attachment":[{"href":"https:\/\/karamalwaha.ma\/index.php\/wp-json\/wp\/v2\/media?parent=4020"}],"wp:term":[{"taxonomy":"product_cat","embeddable":true,"href":"https:\/\/karamalwaha.ma\/index.php\/wp-json\/wp\/v2\/product_cat?post=4020"},{"taxonomy":"product_tag","embeddable":true,"href":"https:\/\/karamalwaha.ma\/index.php\/wp-json\/wp\/v2\/product_tag?post=4020"}],"curies":[{"name":"wp","href":"https:\/\/api.w.org\/{rel}","templated":true}]}}